{"id":10741,"date":"2024-06-12T07:24:58","date_gmt":"2024-06-11T23:24:58","guid":{"rendered":"https:\/\/www.sinocrop.com\/product\/yufen109\/"},"modified":"2025-10-18T22:55:15","modified_gmt":"2025-10-18T14:55:15","slug":"yufen109","status":"publish","type":"product","link":"https:\/\/www.sinocrop.com\/vi\/product\/yufen109\/","title":{"rendered":"Yufen109 H\u1ea1t gi\u1ed1ng c\u00e0 chua F1"},"content":{"rendered":"<p>\u0110\u00e2y l\u00e0 gi\u1ed1ng lai th\u1ebf h\u1ec7 \u0111\u1ea7u ti\u00ean ch\u00edn s\u1edbm. Gi\u1ed1ng n\u00e0y c\u00f3 ki\u1ec3u sinh tr\u01b0\u1edfng kh\u00f4ng x\u00e1c \u0111\u1ecbnh, sinh tr\u01b0\u1edfng m\u1ea1nh m\u1ebd v\u00e0 l\u00e1 m\u00e0u xanh \u0111\u1eadm, kh\u00f4ng xo\u0103n. Ch\u00f9m qu\u1ea3 \u0111\u1ea7u ti\u00ean, m\u1ed7i ch\u00f9m ch\u1ee9a 3-4 qu\u1ea3 tr\u00f2n ho\u1eb7c d\u1eb9t, \u0111\u01b0\u1ee3c m\u1ecdc \u1edf c\u00e1c \u0111\u1ed1t 7-9 c\u1ee7a th\u00e2n ch\u00ednh. Qu\u1ea3 non kh\u00f4ng c\u00f3 vai xanh. Qu\u1ea3 ch\u00edn c\u00f3 m\u00e0u h\u1ed3ng, m\u00e0u s\u1eafc \u0111\u1ec1u v\u00e0 h\u1ea5p d\u1eabn. M\u1ed7i qu\u1ea3 n\u1eb7ng kho\u1ea3ng 280g. Gi\u1ed1ng c\u00f3 v\u1ecb ng\u1ecdt v\u00e0 chua v\u1eeba ph\u1ea3i, h\u01b0\u01a1ng v\u1ecb d\u1ec5 ch\u1ecbu, th\u1ecbt v\u00e0 v\u1ecf d\u00e0y, b\u1ec1n khi b\u1ea3o qu\u1ea3n v\u00e0 v\u1eadn chuy\u1ec3n. Gi\u1ed1ng c\u00f3 kh\u1ea3 n\u0103ng kh\u00e1ng b\u1ec7nh TMV v\u00e0 b\u1ec7nh h\u00e9o r\u0169, n\u0103ng su\u1ea5t kho\u1ea3ng 5.000kg\/m\u1eabu. Th\u00edch h\u1ee3p \u0111\u1ec3 tr\u1ed3ng ngo\u00e0i \u0111\u1ed3ng ho\u1eb7c trong nh\u00e0 k\u00ednh \u1edf nh\u1eefng khu v\u1ef1c c\u00e0 chua qu\u1ea3 m\u00e0u h\u1ed3ng \u0111\u01b0\u1ee3c \u01b0a chu\u1ed9ng.<\/p>\n","protected":false},"excerpt":{"rendered":"<p>\u0110\u00e2y l\u00e0 gi\u1ed1ng lai th\u1ebf h\u1ec7 \u0111\u1ea7u ti\u00ean ch\u00edn s\u1edbm. Gi\u1ed1ng n\u00e0y c\u00f3 ki\u1ec3u sinh tr\u01b0\u1edfng kh\u00f4ng x\u00e1c \u0111\u1ecbnh, sinh tr\u01b0\u1edfng m\u1ea1nh m\u1ebd v\u00e0 l\u00e1 m\u00e0u xanh \u0111\u1eadm, kh\u00f4ng xo\u0103n. Ch\u00f9m qu\u1ea3 \u0111\u1ea7u ti\u00ean, m\u1ed7i ch\u00f9m ch\u1ee9a 3-4 qu\u1ea3 tr\u00f2n ho\u1eb7c d\u1eb9t, \u0111\u01b0\u1ee3c m\u1ecdc \u1edf c\u00e1c \u0111\u1ed1t 7-9 c\u1ee7a th\u00e2n ch\u00ednh. Qu\u1ea3 non kh\u00f4ng c\u00f3 vai xanh. Qu\u1ea3 ch\u00edn c\u00f3 m\u00e0u h\u1ed3ng, m\u00e0u s\u1eafc \u0111\u1ec1u v\u00e0 h\u1ea5p d\u1eabn. M\u1ed7i qu\u1ea3 n\u1eb7ng kho\u1ea3ng 280g.<\/p>\n","protected":false},"featured_media":10713,"template":"","meta":[],"product_brand":[194],"product_cat":[175],"product_tag":[],"class_list":{"0":"post-10741","1":"product","2":"type-product","3":"status-publish","4":"has-post-thumbnail","6":"product_brand-keguang","7":"product_cat-tomato-seeds","9":"first","10":"instock","11":"featured","12":"shipping-taxable","13":"product-type-external"},"_links":{"self":[{"href":"https:\/\/www.sinocrop.com\/vi\/wp-json\/wp\/v2\/product\/10741","targetHints":{"allow":["GET"]}}],"collection":[{"href":"https:\/\/www.sinocrop.com\/vi\/wp-json\/wp\/v2\/product"}],"about":[{"href":"https:\/\/www.sinocrop.com\/vi\/wp-json\/wp\/v2\/types\/product"}],"wp:featuredmedia":[{"embeddable":true,"href":"https:\/\/www.sinocrop.com\/vi\/wp-json\/wp\/v2\/media\/10713"}],"wp:attachment":[{"href":"https:\/\/www.sinocrop.com\/vi\/wp-json\/wp\/v2\/media?parent=10741"}],"wp:term":[{"taxonomy":"product_brand","embeddable":true,"href":"https:\/\/www.sinocrop.com\/vi\/wp-json\/wp\/v2\/product_brand?post=10741"},{"taxonomy":"product_cat","embeddable":true,"href":"https:\/\/www.sinocrop.com\/vi\/wp-json\/wp\/v2\/product_cat?post=10741"},{"taxonomy":"product_tag","embeddable":true,"href":"https:\/\/www.sinocrop.com\/vi\/wp-json\/wp\/v2\/product_tag?post=10741"}],"curies":[{"name":"wp","href":"https:\/\/api.w.org\/{rel}","templated":true}]}}